{"id":646,"date":"2013-12-13T10:31:03","date_gmt":"2013-12-13T10:31:03","guid":{"rendered":"http:\/\/drayen.com\/?page_id=646"},"modified":"2025-11-07T18:28:30","modified_gmt":"2025-11-07T18:28:30","slug":"agenda","status":"publish","type":"page","link":"https:\/\/drayen.com\/?page_id=646","title":{"rendered":"Agenda"},"content":{"rendered":"<p><!--:fr--><strong>Prochaines dates :<\/strong><\/p>\n<p>Vendredi 28 Ao\u00fbt 2020 : avec <strong>Mirage<\/strong>\u00a0\u00e0 Charg\u00e9 au Volupia (37)<\/p>\n<p>Vendredi 18 septembre 2020 : avec <strong>Pierre Louis Labonne Trio<\/strong> \u00e0 Montlouis sur Loire au Montlouis Jazz Festival (37)<\/p>\n<p>Vendredi 9 Octobre 2020 : avec <strong>Mirage<\/strong>\u00a0\u00e0 Tours au Mc Cool&rsquo;s (37)<\/p>\n<p>Vendredi 16\u00a0Octobre 2020 : avec <strong>Mirage<\/strong> \u00e0 Tours au 3 Orf\u00e8vres (37)<\/p>\n<p>Samedi 21 Novembre 2020 : avec <strong>A.L.O Big Band<\/strong> \u00e0 Bl\u00e9r\u00e9 \u00a0(37)<\/p>\n\n\n<p><\/p>\n","protected":false},"excerpt":{"rendered":"<p>Prochaines dates : Vendredi 28 Ao\u00fbt 2020 : avec Mirage\u00a0\u00e0 Charg\u00e9 au Volupia (37) Vendredi 18 septembre 2020 : avec Pierre Louis Labonne Trio \u00e0 Montlouis sur Loire au Montlouis Jazz Festival (37) Vendredi 9 Octobre 2020 : avec Mirage\u00a0\u00e0 Tours au Mc Cool&rsquo;s (37) Vendredi 16\u00a0Octobre 2020 : avec Mirage \u00e0 Tours au 3 &hellip; <\/p>\n<p class=\"link-more\"><a href=\"https:\/\/drayen.com\/?page_id=646\" class=\"more-link\">Lire la suite de<span class=\"screen-reader-text\">\u00ab\u00a0Agenda\u00a0\u00bb<\/span><\/a><\/p>\n","protected":false},"author":2,"featured_media":0,"parent":0,"menu_order":0,"comment_status":"closed","ping_status":"open","template":"","meta":{"ngg_post_thumbnail":0,"inspiro_hide_title":false,"footnotes":""},"class_list":["post-646","page","type-page","status-publish","hentry"],"_links":{"self":[{"href":"https:\/\/drayen.com\/index.php?rest_route=\/wp\/v2\/pages\/646","targetHints":{"allow":["GET"]}}],"collection":[{"href":"https:\/\/drayen.com\/index.php?rest_route=\/wp\/v2\/pages"}],"about":[{"href":"https:\/\/drayen.com\/index.php?rest_route=\/wp\/v2\/types\/page"}],"author":[{"embeddable":true,"href":"https:\/\/drayen.com\/index.php?rest_route=\/wp\/v2\/users\/2"}],"replies":[{"embeddable":true,"href":"https:\/\/drayen.com\/index.php?rest_route=%2Fwp%2Fv2%2Fcomments&post=646"}],"version-history":[{"count":1,"href":"https:\/\/drayen.com\/index.php?rest_route=\/wp\/v2\/pages\/646\/revisions"}],"predecessor-version":[{"id":1235,"href":"https:\/\/drayen.com\/index.php?rest_route=\/wp\/v2\/pages\/646\/revisions\/1235"}],"wp:attachment":[{"href":"https:\/\/drayen.com\/index.php?rest_route=%2Fwp%2Fv2%2Fmedia&parent=646"}],"curies":[{"name":"wp","href":"https:\/\/api.w.org\/{rel}","templated":true}]}}