{"id":6,"date":"2012-01-26T21:17:17","date_gmt":"2012-01-26T21:17:17","guid":{"rendered":"http:\/\/drayen.com\/?page_id=6"},"modified":"2025-11-10T17:02:16","modified_gmt":"2025-11-10T17:02:16","slug":"presentation","status":"publish","type":"page","link":"https:\/\/drayen.com\/","title":{"rendered":"Drayen Labie, Guitariste et Bassiste Jazz, World &amp; Gospel"},"content":{"rendered":"<p><!--:fr--><\/p>\n<p style=\"text-align: right;\"><em>Retrouvez les dates de concert de Drayen sur la page <a href=\"https:\/\/drayen.com\/?page_id=646\">Agenda!<\/a><\/em><\/p>\n<p><img loading=\"lazy\" decoding=\"async\" class=\" wp-image-774 alignleft\" src=\"http:\/\/drayen.com\/wp-content\/uploads\/2018\/09\/tavenier-photo-zappybirthday-3722-300x200.jpg\" alt=\"\" width=\"330\" height=\"220\" srcset=\"https:\/\/drayen.com\/wp-content\/uploads\/2018\/09\/tavenier-photo-zappybirthday-3722-300x200.jpg 300w, https:\/\/drayen.com\/wp-content\/uploads\/2018\/09\/tavenier-photo-zappybirthday-3722-scaled-600x401.jpg 600w, https:\/\/drayen.com\/wp-content\/uploads\/2018\/09\/tavenier-photo-zappybirthday-3722-768x513.jpg 768w, https:\/\/drayen.com\/wp-content\/uploads\/2018\/09\/tavenier-photo-zappybirthday-3722-500x334.jpg 500w\" sizes=\"auto, (max-width: 330px) 100vw, 330px\" \/>Originaire de l\u2019\u00eele de la R\u00e9union (oc\u00e9an indien) , Drayen Labie est un de ces musiciens \u00abtous-terrains\u00bb que compte la sc\u00e8ne tourangelle.<\/p>\n<p>Install\u00e9 \u00e0 Tours depuis plusieurs ann\u00e9es, ce guitariste professionnel multiplie avec rigueur et enthousiasme un grand nombre d\u2019activit\u00e9s musicales : cours de guitare et basse, d\u00e9monstrations pour des salons professionnels, concerts&#8230;<\/p>\n<p>Aux premi\u00e8res heures batteur et chanteur, c\u2019est, aujourd\u2019hui, muni de guitares (acoustique, \u00e9lectrique, basse) qu\u2019il s\u2019exprime \u00e0 l\u2019occasion de collaborations diverses allant de la world music (Massak Afrobeat Orchestra), au reggae (tourn\u00e9e fran\u00e7aise de l\u2019artiste britannique <a title=\"Nya Azania Reggae artist\" href=\"http:\/\/www.nya-azania.com\/\" target=\"_blank\" rel=\"noopener noreferrer\">Nya Azania<\/a>), en passant par le jazz (Yakoma, Serein Gaxar), la funk (<a title=\"groupe de funk\" href=\"http:\/\/bandattheparty.free.fr\" target=\"_blank\" rel=\"noopener noreferrer\">Band At The Party<\/a>), le rock (<a title=\"Tryogenic\" href=\"http:\/\/www.myspace.com\/tryogenicgroup\">Tryogenic<\/a>)\u2026<\/p>\n<p style=\"text-align: left;\">Drayen joue actuellement avec <a href=\"https:\/\/www.facebook.com\/MirageBandOfficial\/\" target=\"_blank\" rel=\"noopener noreferrer\">Mirage<\/a> (Rock progressif ),&nbsp;<a href=\"https:\/\/www.zappybirthdaymisterfrank.com\" target=\"_blank\" rel=\"noopener noreferrer\">Zappy Birthday Mister Frank<\/a>&nbsp;(Frank Zappa cover tribute band), <a href=\"http:\/\/maniwata.fr\" target=\"_blank\" rel=\"noopener noreferrer\">Maniwata<\/a> (gospel) , le ALO Big Band (Jazz Big Band) , Pierre Louis Labonne Trio (Blues Rock) et <a href=\"https:\/\/www.facebook.com\/BlueDawnDuo\/\" target=\"_blank\" rel=\"noopener noreferrer\">Blue Dawn<\/a> ( Duo Jazz\/Soul ). Il donne \u00e9galement&nbsp;des cours de guitare , de basse et de th\u00e9orie musicale \u00e0 l&rsquo;\u00e9cole&nbsp;<a href=\"http:\/\/www.tousenscene.com\/\" target=\"_blank\" rel=\"noopener noreferrer\">Tous en Sc\u00e8ne<\/a> et en freelance.<\/p>\n<p style=\"text-align: left;\">Drayen a sorti un mini album de jazz m\u00e9tiss\u00e9 <strong>\u00ab\u00a0Kissa i L\u00e9\u00a0\u00bb<\/strong>, disponible dans les bacs et <a href=\"https:\/\/drayen.com\/?page_id=1089\">en ligne \u00e0 cette page<\/a>.<\/p>\n<p style=\"text-align: left;\"><strong>Consultez r\u00e9guli\u00e8rement la rubrique <a title=\"Actualit\u00e9s\" href=\"https:\/\/drayen.com\/?page_id=12\">actualit\u00e9s<\/a> pour ne rien manquer des news de&nbsp;Drayen!&nbsp;<\/strong><\/p>\n<p>Vous pouvez<a title=\"Contact\" href=\"https:\/\/drayen.com\/?page_id=1263\"> contacter Drayen&nbsp;<\/a>si vous recherchez un guitariste ou un bassiste (jazz, rock, world music&#8230;) en Indre-et-Loire, des cours de musique \u00e0 Tours.<\/p>\n<p><strong>&nbsp;<\/strong><\/p>\n<p><!--:--><\/p>\n\n\n<p><\/p>\n","protected":false},"excerpt":{"rendered":"<p>Retrouvez les dates de concert de Drayen sur la page Agenda! Originaire de l\u2019\u00eele de la R\u00e9union (oc\u00e9an indien) , Drayen Labie est un de ces musiciens \u00abtous-terrains\u00bb que compte la sc\u00e8ne tourangelle. Install\u00e9 \u00e0 Tours depuis plusieurs ann\u00e9es, ce guitariste professionnel multiplie avec rigueur et enthousiasme un grand nombre d\u2019activit\u00e9s musicales : cours de &hellip; <\/p>\n<p class=\"link-more\"><a href=\"https:\/\/drayen.com\/\" class=\"more-link\">Lire la suite de<span class=\"screen-reader-text\">\u00ab\u00a0Drayen Labie, Guitariste et Bassiste Jazz, World &amp; Gospel\u00a0\u00bb<\/span><\/a><\/p>\n","protected":false},"author":2,"featured_media":0,"parent":0,"menu_order":0,"comment_status":"closed","ping_status":"closed","template":"","meta":{"ngg_post_thumbnail":0,"inspiro_hide_title":false,"footnotes":""},"class_list":["post-6","page","type-page","status-publish","hentry"],"_links":{"self":[{"href":"https:\/\/drayen.com\/index.php?rest_route=\/wp\/v2\/pages\/6","targetHints":{"allow":["GET"]}}],"collection":[{"href":"https:\/\/drayen.com\/index.php?rest_route=\/wp\/v2\/pages"}],"about":[{"href":"https:\/\/drayen.com\/index.php?rest_route=\/wp\/v2\/types\/page"}],"author":[{"embeddable":true,"href":"https:\/\/drayen.com\/index.php?rest_route=\/wp\/v2\/users\/2"}],"replies":[{"embeddable":true,"href":"https:\/\/drayen.com\/index.php?rest_route=%2Fwp%2Fv2%2Fcomments&post=6"}],"version-history":[{"count":5,"href":"https:\/\/drayen.com\/index.php?rest_route=\/wp\/v2\/pages\/6\/revisions"}],"predecessor-version":[{"id":1318,"href":"https:\/\/drayen.com\/index.php?rest_route=\/wp\/v2\/pages\/6\/revisions\/1318"}],"wp:attachment":[{"href":"https:\/\/drayen.com\/index.php?rest_route=%2Fwp%2Fv2%2Fmedia&parent=6"}],"curies":[{"name":"wp","href":"https:\/\/api.w.org\/{rel}","templated":true}]}}