{"id":2,"date":"2012-01-26T15:35:22","date_gmt":"2012-01-26T15:35:22","guid":{"rendered":"http:\/\/drayen.com\/?page_id=2"},"modified":"2025-11-07T15:51:36","modified_gmt":"2025-11-07T15:51:36","slug":"biographie","status":"publish","type":"page","link":"https:\/\/drayen.com\/?page_id=2","title":{"rendered":"Biographie"},"content":{"rendered":"<p align=\"justify\">Drayen commence son parcours musical par la batterie. En 1992, \u00e0 l&rsquo;\u00e2ge de 13 ans, il suit des cours aupr\u00e9s d&rsquo;un professeur de percussion du CNR de St Denis de la R\u00e9union. En parall\u00e8le, il fait ses d\u00e9buts \u00e0 la guitare accoustique en autodidacte.<\/p>\n<p align=\"justify\">De 1994 \u00e0 1997, il appara\u00eet dans diverses formations d&rsquo;influence rock, en tant que batteur et chanteur.<\/p>\n<p align=\"justify\">Arriv\u00e9 en m\u00e9tropole, il sera bassiste dans une formation rock progressif (<em>Taksim<\/em>), entre 1997 et 1999, puis guitariste dans diverses formations jazz, funk, rock (1999-2004).<\/p>\n<p align=\"justify\">De 2000 \u00e0 2002, il est guitariste du groupe de m\u00e9tal progressif <em>Blink Nebula<\/em>.<\/p>\n<p align=\"justify\">En 2001, il entre \u00e0 l&rsquo;Atelier Musical en tant que professeur de guitare, o\u00f9 il enseignera jusqu&rsquo;en 2009.<\/p>\n<p align=\"justify\">Drayen a entrepris en 2003 une formation en classe pr\u00e9paratoire de DEM \u00e0 l&rsquo;\u00e9cole \u00ab\u00a0<a href=\"http:\/\/www.jazzatours.com\/\" target=\"_blank\" rel=\"noopener noreferrer\">Jazz \u00e0 Tours<\/a>\u00ab\u00a0, d&rsquo;o\u00f9 il obtient en 2005 le certificat FNEIJ\/MA (transform\u00e9 depuis en MIMA).<\/p>\n<p align=\"justify\">De 2005 \u00e0 2010 il est guitariste du quartet de jazz Serein Gaxar et du groupe de funk <a title=\"Groupe de funk\" href=\"http:\/\/bandattheparty.free.fr\" target=\"_blank\" rel=\"noopener noreferrer\">Band at the Party<\/a>.<\/p>\n<p align=\"justify\">De 2006 &nbsp;\u00e0 &nbsp;2008 &nbsp;il enseigne la guitare \u00e0 l&rsquo;Association Culturelle O\u00e9sienne (A.C.O.)&nbsp;de la ville de notre Dame d&rsquo;O\u00e9.<\/p>\n<p align=\"justify\">De 2006 \u00e0 2016 il enseigne&nbsp;la guitare et la basse au sein de&nbsp;l\u2019association <a title=\"Cours de guitare \u00e0 Luynes\" href=\"http:\/\/www.promozik.org\/\" target=\"_blank\" rel=\"noopener noreferrer\">Promozik.<\/a><\/p>\n<p align=\"justify\">Il est d\u00e9monstrateur pour la marque de guitare <a title=\"Luthier\" href=\"http:\/\/www.kronodale.com\/\" target=\"_blank\" rel=\"noopener noreferrer\">Kronodale<\/a> (salon de la musique et du son&nbsp;2006 et 2008).<\/p>\n<p align=\"justify\">Drayen enseigne&nbsp;la guitare et la basse actuellement&nbsp;au sein de l&rsquo;\u00e9cole <a title=\"Ecole de musique \u00e0 Tours\" href=\"http:\/\/www.tousenscene.com\" target=\"_blank\" rel=\"noopener noreferrer\">Tous en Sc\u00e8ne<\/a> (depuis 2008) et en freelance.<\/p>\n<p align=\"justify\">Il joue&nbsp;actuellement&nbsp;avec le &nbsp;groupe <a href=\"https:\/\/www.zappybirthdaymisterfrank.com\" target=\"_blank\" rel=\"noopener noreferrer\">Zappy Birthday Mister Frank<\/a> (Frank Zappa Tribute band) , le ALO Big Band (Big Band Jazz) , le groupe gospel&nbsp;<a title=\"groupe vocal gospel\" href=\"http:\/\/www.maniwata.fr\" target=\"_blank\" rel=\"noopener noreferrer\">Maniwata<\/a>&nbsp;et <a href=\"https:\/\/www.facebook.com\/MirageBandOfficial\/\" target=\"_blank\" rel=\"noopener noreferrer\">Mirage<\/a> formation de rock progressif. Il participe \u00e0 divers projets plus ponctuels et se produit \u00e9galement au sein de son projet solo <a href=\"http:\/\/drayen.com\/audio\/\">\u00ab\u00a0Kissa i L\u00e9\u00a0\u00bb<\/a>.<\/p>\n<p><!--:--><!--:en--><\/p>\n<p><!--:--><\/p>\n","protected":false},"excerpt":{"rendered":"<p>Drayen commence son parcours musical par la batterie. En 1992, \u00e0 l&rsquo;\u00e2ge de 13 ans, il suit des cours aupr\u00e9s d&rsquo;un professeur de percussion du CNR de St Denis de la R\u00e9union. En parall\u00e8le, il fait ses d\u00e9buts \u00e0 la guitare accoustique en autodidacte. De 1994 \u00e0 1997, il appara\u00eet dans diverses formations d&rsquo;influence rock, &hellip; <\/p>\n<p class=\"link-more\"><a href=\"https:\/\/drayen.com\/?page_id=2\" class=\"more-link\">Lire la suite de<span class=\"screen-reader-text\">\u00ab\u00a0Biographie\u00a0\u00bb<\/span><\/a><\/p>\n","protected":false},"author":2,"featured_media":0,"parent":0,"menu_order":5,"comment_status":"closed","ping_status":"closed","template":"","meta":{"ngg_post_thumbnail":0,"inspiro_hide_title":false,"footnotes":""},"class_list":["post-2","page","type-page","status-publish","hentry"],"_links":{"self":[{"href":"https:\/\/drayen.com\/index.php?rest_route=\/wp\/v2\/pages\/2","targetHints":{"allow":["GET"]}}],"collection":[{"href":"https:\/\/drayen.com\/index.php?rest_route=\/wp\/v2\/pages"}],"about":[{"href":"https:\/\/drayen.com\/index.php?rest_route=\/wp\/v2\/types\/page"}],"author":[{"embeddable":true,"href":"https:\/\/drayen.com\/index.php?rest_route=\/wp\/v2\/users\/2"}],"replies":[{"embeddable":true,"href":"https:\/\/drayen.com\/index.php?rest_route=%2Fwp%2Fv2%2Fcomments&post=2"}],"version-history":[{"count":1,"href":"https:\/\/drayen.com\/index.php?rest_route=\/wp\/v2\/pages\/2\/revisions"}],"predecessor-version":[{"id":1225,"href":"https:\/\/drayen.com\/index.php?rest_route=\/wp\/v2\/pages\/2\/revisions\/1225"}],"wp:attachment":[{"href":"https:\/\/drayen.com\/index.php?rest_route=%2Fwp%2Fv2%2Fmedia&parent=2"}],"curies":[{"name":"wp","href":"https:\/\/api.w.org\/{rel}","templated":true}]}}