{"id":10,"date":"2012-01-26T21:28:25","date_gmt":"2012-01-26T21:28:25","guid":{"rendered":"http:\/\/drayen.com\/?page_id=10"},"modified":"2025-11-10T17:19:18","modified_gmt":"2025-11-10T17:19:18","slug":"audio","status":"publish","type":"page","link":"https:\/\/drayen.com\/?page_id=10","title":{"rendered":"Audio"},"content":{"rendered":"<p style=\"text-align: left;\"><!--:fr--><\/p>\n<p style=\"text-align: left;\"><span style=\"font-size: inherit;\">Kissa i L\u00e9 disponible ! <a href=\"https:\/\/drayen.com\/?page_id=1089\">Commandez le ici !<\/a><\/span><\/p>\n<p><img loading=\"lazy\" decoding=\"async\" class=\"alignnone size-medium wp-image-536\" src=\"http:\/\/drayen.com\/wp-content\/uploads\/2013\/11\/Kissa-i-le-300x300.jpg\" alt=\"Pochette de l'album Kissa I L\u00e9 de Drayen Labie\" width=\"300\" height=\"300\" srcset=\"https:\/\/drayen.com\/wp-content\/uploads\/2013\/11\/Kissa-i-le-300x300.jpg 300w, https:\/\/drayen.com\/wp-content\/uploads\/2013\/11\/Kissa-i-le-100x100.jpg 100w, https:\/\/drayen.com\/wp-content\/uploads\/2013\/11\/Kissa-i-le-600x600.jpg 600w, https:\/\/drayen.com\/wp-content\/uploads\/2013\/11\/Kissa-i-le-150x150.jpg 150w, https:\/\/drayen.com\/wp-content\/uploads\/2013\/11\/Kissa-i-le-500x500.jpg 500w, https:\/\/drayen.com\/wp-content\/uploads\/2013\/11\/Kissa-i-le.jpg 1435w\" sizes=\"auto, (max-width: 300px) 100vw, 300px\" \/><\/p>\n<p>Kissa i L\u00e9<\/p>\n<audio class=\"wp-audio-shortcode\" id=\"audio-10-1\" preload=\"none\" style=\"width: 100%;\" controls=\"controls\"><source type=\"audio\/mpeg\" src=\"http:\/\/drayen.com\/wp-content\/uploads\/2018\/09\/Kissa-i-L\u00e9.mp3?_=1\" \/><a href=\"http:\/\/drayen.com\/wp-content\/uploads\/2018\/09\/Kissa-i-L\u00e9.mp3\">http:\/\/drayen.com\/wp-content\/uploads\/2018\/09\/Kissa-i-L\u00e9.mp3<\/a><\/audio>\n<p>Paco<\/p>\n<audio class=\"wp-audio-shortcode\" id=\"audio-10-2\" preload=\"none\" style=\"width: 100%;\" controls=\"controls\"><source type=\"audio\/mpeg\" src=\"http:\/\/drayen.com\/wp-content\/uploads\/edd\/2013\/11\/Paco.mp3?_=2\" \/><a href=\"http:\/\/drayen.com\/wp-content\/uploads\/edd\/2013\/11\/Paco.mp3\">http:\/\/drayen.com\/wp-content\/uploads\/edd\/2013\/11\/Paco.mp3<\/a><\/audio>\n<p>Bluestranger<\/p>\n<audio class=\"wp-audio-shortcode\" id=\"audio-10-3\" preload=\"none\" style=\"width: 100%;\" controls=\"controls\"><source type=\"audio\/mpeg\" src=\"http:\/\/drayen.com\/wp-content\/uploads\/edd\/2013\/11\/Bluestranger.mp3?_=3\" \/><a href=\"http:\/\/drayen.com\/wp-content\/uploads\/edd\/2013\/11\/Bluestranger.mp3\">http:\/\/drayen.com\/wp-content\/uploads\/edd\/2013\/11\/Bluestranger.mp3<\/a><\/audio>\n<p>Coul\u00e8r\u2019 La Pli<\/p>\n<audio class=\"wp-audio-shortcode\" id=\"audio-10-4\" preload=\"none\" style=\"width: 100%;\" controls=\"controls\"><source type=\"audio\/mpeg\" src=\"http:\/\/drayen.com\/wp-content\/uploads\/edd\/2013\/11\/Couler-La-Pli.mp3?_=4\" \/><a href=\"http:\/\/drayen.com\/wp-content\/uploads\/edd\/2013\/11\/Couler-La-Pli.mp3\">http:\/\/drayen.com\/wp-content\/uploads\/edd\/2013\/11\/Couler-La-Pli.mp3<\/a><\/audio>\n<p>Janek Waltz<\/p>\n<audio class=\"wp-audio-shortcode\" id=\"audio-10-5\" preload=\"none\" style=\"width: 100%;\" controls=\"controls\"><source type=\"audio\/mpeg\" src=\"http:\/\/drayen.com\/wp-content\/uploads\/edd\/2013\/11\/Janek-Waltz.mp3?_=5\" \/><a href=\"http:\/\/drayen.com\/wp-content\/uploads\/edd\/2013\/11\/Janek-Waltz.mp3\">http:\/\/drayen.com\/wp-content\/uploads\/edd\/2013\/11\/Janek-Waltz.mp3<\/a><\/audio>\n<p><strong>Extraits live&nbsp;:<\/strong> <iframe loading=\"lazy\" src=\"https:\/\/w.soundcloud.com\/player\/?url=http%3A%2F%2Fapi.soundcloud.com%2Ftracks%2F107173960&amp;color=ff6600&amp;auto_play=false&amp;show_artwork=true\" width=\"100%\" height=\"166\" frameborder=\"no\" scrolling=\"no\"><\/iframe> <iframe loading=\"lazy\" src=\"https:\/\/w.soundcloud.com\/player\/?url=http%3A%2F%2Fapi.soundcloud.com%2Ftracks%2F108323495\" width=\"100%\" height=\"166\" frameborder=\"no\" scrolling=\"no\"><\/iframe> <iframe loading=\"lazy\" src=\"https:\/\/w.soundcloud.com\/player\/?url=http%3A%2F%2Fapi.soundcloud.com%2Ftracks%2F108323878\" width=\"100%\" height=\"166\" frameborder=\"no\" scrolling=\"no\"><\/iframe> <iframe loading=\"lazy\" src=\"https:\/\/w.soundcloud.com\/player\/?url=http%3A%2F%2Fapi.soundcloud.com%2Ftracks%2F108323872\" width=\"100%\" height=\"166\" frameborder=\"no\" scrolling=\"no\"><\/iframe> <iframe loading=\"lazy\" src=\"https:\/\/w.soundcloud.com\/player\/?url=http%3A%2F%2Fapi.soundcloud.com%2Ftracks%2F108323525\" width=\"100%\" height=\"166\" frameborder=\"no\" scrolling=\"no\"><\/iframe><!--:--><!--:en--><\/p>\n","protected":false},"excerpt":{"rendered":"<p>Kissa i L\u00e9 disponible ! Commandez le ici ! Kissa i L\u00e9 Paco Bluestranger Coul\u00e8r\u2019 La Pli Janek Waltz Extraits live&nbsp;:<\/p>\n","protected":false},"author":2,"featured_media":0,"parent":0,"menu_order":3,"comment_status":"closed","ping_status":"closed","template":"","meta":{"ngg_post_thumbnail":0,"inspiro_hide_title":false,"footnotes":""},"class_list":["post-10","page","type-page","status-publish","hentry"],"_links":{"self":[{"href":"https:\/\/drayen.com\/index.php?rest_route=\/wp\/v2\/pages\/10","targetHints":{"allow":["GET"]}}],"collection":[{"href":"https:\/\/drayen.com\/index.php?rest_route=\/wp\/v2\/pages"}],"about":[{"href":"https:\/\/drayen.com\/index.php?rest_route=\/wp\/v2\/types\/page"}],"author":[{"embeddable":true,"href":"https:\/\/drayen.com\/index.php?rest_route=\/wp\/v2\/users\/2"}],"replies":[{"embeddable":true,"href":"https:\/\/drayen.com\/index.php?rest_route=%2Fwp%2Fv2%2Fcomments&post=10"}],"version-history":[{"count":4,"href":"https:\/\/drayen.com\/index.php?rest_route=\/wp\/v2\/pages\/10\/revisions"}],"predecessor-version":[{"id":1325,"href":"https:\/\/drayen.com\/index.php?rest_route=\/wp\/v2\/pages\/10\/revisions\/1325"}],"wp:attachment":[{"href":"https:\/\/drayen.com\/index.php?rest_route=%2Fwp%2Fv2%2Fmedia&parent=10"}],"curies":[{"name":"wp","href":"https:\/\/api.w.org\/{rel}","templated":true}]}}